{"id":6001,"date":"2025-04-08T22:00:07","date_gmt":"2025-04-09T03:00:07","guid":{"rendered":"https:\/\/darkviolet-lion-309108.hostingersite.com\/?page_id=6001"},"modified":"2025-04-21T17:15:22","modified_gmt":"2025-04-21T22:15:22","slug":"calcular","status":"publish","type":"page","link":"https:\/\/basaconstrucciones.com\/es\/calcular\/","title":{"rendered":"Calcular"},"content":{"rendered":"\t\t<div data-elementor-type=\"wp-page\" data-elementor-id=\"6001\" class=\"elementor elementor-6001\" data-elementor-post-type=\"page\">\n\t\t\t\t<section class=\"elementor-element elementor-element-3f33ba8 e-flex e-con-boxed e-con e-parent\" data-id=\"3f33ba8\" data-element_type=\"container\" data-e-type=\"container\" data-settings=\"{&quot;background_background&quot;:&quot;classic&quot;}\">\n\t\t\t\t\t<div class=\"e-con-inner\">\n\t\t\t\t<div class=\"elementor-element elementor-element-bfffc12 elementor-widget elementor-widget-heading\" data-id=\"bfffc12\" data-element_type=\"widget\" data-e-type=\"widget\" data-settings=\"{&quot;motion_fx_motion_fx_mouse&quot;:&quot;yes&quot;,&quot;motion_fx_tilt_effect&quot;:&quot;yes&quot;,&quot;motion_fx_tilt_speed&quot;:{&quot;unit&quot;:&quot;px&quot;,&quot;size&quot;:0.6,&quot;sizes&quot;:[]}}\" data-widget_type=\"heading.default\">\n\t\t\t\t\t<h1 class=\"elementor-heading-title elementor-size-default\">Calculadora <b>de cuota inicial<\/b><\/h1>\t\t\t\t<\/div>\n\t\t\t\t\t<\/div>\n\t\t\t\t<\/section>\n\t\t<section class=\"elementor-element elementor-element-9ee73e5 e-flex e-con-boxed e-con e-parent\" data-id=\"9ee73e5\" data-element_type=\"container\" data-e-type=\"container\">\n\t\t\t\t\t<div class=\"e-con-inner\">\n\t\t\t\t<div class=\"elementor-element elementor-element-fcb494a elementor-widget elementor-widget-heading\" data-id=\"fcb494a\" data-element_type=\"widget\" data-e-type=\"widget\" data-widget_type=\"heading.default\">\n\t\t\t\t\t<h6 class=\"elementor-heading-title elementor-size-default\">Se debe tener en cuenta que los resultados son aproximados y pueden variar*<\/h6>\t\t\t\t<\/div>\n\t\t<div class=\"elementor-element elementor-element-2cfd61e e-grid e-con-full e-con e-child\" data-id=\"2cfd61e\" data-element_type=\"container\" data-e-type=\"container\">\n\t\t<div class=\"elementor-element elementor-element-a6305d6 e-con-full e-flex e-con e-child\" data-id=\"a6305d6\" data-element_type=\"container\" data-e-type=\"container\">\n\t\t<div class=\"elementor-element elementor-element-7f96e7d e-con-full e-flex e-con e-child\" data-id=\"7f96e7d\" data-element_type=\"container\" data-e-type=\"container\">\n\t\t\t\t<div class=\"elementor-element elementor-element-b737d5f elementor-button-info elementor-align-justify btn_proyectos elementor-widget elementor-widget-button\" data-id=\"b737d5f\" data-element_type=\"widget\" data-e-type=\"widget\" id=\"cuota\" data-widget_type=\"button.default\">\n\t\t\t\t\t\t\t\t\t\t<a class=\"elementor-button elementor-button-link elementor-size-sm elementor-animation-wobble-bottom\" href=\"?contenedor=1\" rel=\"nofollow\" id=\"btnCuotaInicial\">\n\t\t\t\t\t\t<span class=\"elementor-button-content-wrapper\">\n\t\t\t\t\t\t\t\t\t<span class=\"elementor-button-text\">Calculadora de cuota inicial<\/span>\n\t\t\t\t\t<\/span>\n\t\t\t\t\t<\/a>\n\t\t\t\t\t\t\t\t<\/div>\n\t\t\t\t<div class=\"elementor-element elementor-element-7c651f6 elementor-button-info elementor-align-justify btn_proyectos elementor-hidden-widescreen elementor-hidden-desktop elementor-hidden-tablet_extra elementor-hidden-tablet elementor-hidden-mobile_extra elementor-hidden-mobile elementor-widget elementor-widget-button\" data-id=\"7c651f6\" data-element_type=\"widget\" data-e-type=\"widget\" id=\"credito\" data-widget_type=\"button.default\">\n\t\t\t\t\t\t\t\t\t\t<a class=\"elementor-button elementor-button-link elementor-size-sm elementor-animation-wobble-bottom\" href=\"?contenedor=2\" rel=\"nofollow\" id=\"btnCredito\">\n\t\t\t\t\t\t<span class=\"elementor-button-content-wrapper\">\n\t\t\t\t\t\t\t\t\t<span class=\"elementor-button-text\">Calculadora de cr\u00e9dito hipotecario<\/span>\n\t\t\t\t\t<\/span>\n\t\t\t\t\t<\/a>\n\t\t\t\t\t\t\t\t<\/div>\n\t\t\t\t<\/div>\n\t\t\t\t<\/div>\n\t\t<div class=\"elementor-element elementor-element-00d091f e-con-full contenedor_proyectos e-flex e-con e-child\" data-id=\"00d091f\" data-element_type=\"container\" data-e-type=\"container\">\n\t\t<div class=\"elementor-element elementor-element-59df65c e-con-full calculadora_hijos e-flex e-con e-child\" data-id=\"59df65c\" data-element_type=\"container\" data-e-type=\"container\" id=\"proyectos_cuota\" data-settings=\"{&quot;background_background&quot;:&quot;classic&quot;}\">\n\t\t\t\t<div class=\"elementor-element elementor-element-f684020 elementor-widget elementor-widget-heading\" data-id=\"f684020\" data-element_type=\"widget\" data-e-type=\"widget\" data-widget_type=\"heading.default\">\n\t\t\t\t\t<h4 class=\"elementor-heading-title elementor-size-default\">Calcula los pagos de tu cuota inicial<\/h4>\t\t\t\t<\/div>\n\t\t\t\t<div class=\"elementor-element elementor-element-106f694 elementor-widget elementor-widget-heading\" data-id=\"106f694\" data-element_type=\"widget\" data-e-type=\"widget\" data-widget_type=\"heading.default\">\n\t\t\t\t\t<p class=\"elementor-heading-title elementor-size-default\">Los valores presentados a continuaci\u00f3n son aproximados y est\u00e1n sujetos a modificaciones.<\/p>\t\t\t\t<\/div>\n\t\t\t\t<div class=\"elementor-element elementor-element-4c299c1 elementor-widget elementor-widget-html\" data-id=\"4c299c1\" data-element_type=\"widget\" data-e-type=\"widget\" data-widget_type=\"html.default\">\n\t\t\t\t\t<label style=\"font-size:12px;\">Valor del inmueble*<\/label>\r\n<input type=\"number\" id=\"valorInmueble\" placeholder=\"$0\" style=\"width: 100%; padding: 2px 0 2px 6px; margin-bottom: 10px; border-radius: 15px; margin-top: 2px;\" \/>\r\n\r\n<label style=\"font-size:12px;\">Ahorros y\/o cesant\u00edas*<\/label>\r\n<input type=\"number\" id=\"ahorros\" placeholder=\"$0\" style=\"width: 100%; padding: 2px 0 2px 6px; margin-bottom: 10px; border-radius: 15px; margin-top: 2px;\" \/>\r\n\r\n<label style=\"font-size:12px;\">cuota inicial*<\/label>\r\n  <div style=\"margin-top: 2px;\">\r\n    <select id=\"cuotaIncial\" style=\"padding: 2px 0 2px 6px; border-radius: 15px;\">\r\n        <option value=\"10\">10%<\/option>\r\n      <option value=\"20\">20%<\/option>\r\n      <option value=\"30\">30%<\/option>\r\n    <\/select>\r\n    \r\n  <\/div>\r\n\r\n<label style=\"font-size:12px;\">Meses para pagar*<\/label>\r\n<input type=\"number\" id=\"meses\" min=\"1\" max=\"36\" placeholder=\"$0\" style=\"width: 100%; padding: 2px 0 2px 6px; margin-bottom: 10px; border-radius: 15px; margin-top: 2px;\" \/>\r\n\r\n<button onclick=\"calcularCuota()\" style=\"background-color: #E52421; color: white; padding: 4px 10px; border: none; cursor: pointer; border-radius: 5px; display:flex; margin:auto;\">Calcular<\/button>\r\n\r\n\r\n\r\n\t\t\t\t<\/div>\n\t\t\t\t<\/div>\n\t\t<div class=\"elementor-element elementor-element-54cbd2f e-con-full calculadora_hijos e-flex e-con e-child\" data-id=\"54cbd2f\" data-element_type=\"container\" data-e-type=\"container\" id=\"proyectos_credito\" data-settings=\"{&quot;background_background&quot;:&quot;classic&quot;}\">\n\t\t\t\t<div class=\"elementor-element elementor-element-adf0b3b elementor-widget elementor-widget-heading\" data-id=\"adf0b3b\" data-element_type=\"widget\" data-e-type=\"widget\" data-widget_type=\"heading.default\">\n\t\t\t\t\t<h4 class=\"elementor-heading-title elementor-size-default\">Calcula los pagos de tu cr\u00e9dito hipotecario<\/h4>\t\t\t\t<\/div>\n\t\t\t\t<div class=\"elementor-element elementor-element-8872c4e elementor-widget elementor-widget-heading\" data-id=\"8872c4e\" data-element_type=\"widget\" data-e-type=\"widget\" data-widget_type=\"heading.default\">\n\t\t\t\t\t<p class=\"elementor-heading-title elementor-size-default\">Los valores presentados a continuaci\u00f3n son aproximados y est\u00e1n sujetos a modificaciones.<\/p>\t\t\t\t<\/div>\n\t\t\t\t<div class=\"elementor-element elementor-element-1707506 elementor-widget elementor-widget-html\" data-id=\"1707506\" data-element_type=\"widget\" data-e-type=\"widget\" data-widget_type=\"html.default\">\n\t\t\t\t\t<label style=\"font-size:12px;\">Valor del inmueble*<\/label>\r\n<input type=\"number\" id=\"valorInmueble1\" placeholder=\"$0\" style=\"width: 100%; padding: 2px 0 2px 6px; margin-bottom: 10px; border-radius: 15px; margin-top: 2px;\" \/>\r\n\r\n<label style=\"font-size:12px;\">\u00bfQu\u00e9 porcentaje o valor necesitas?*<\/label>\r\n  <div style=\"margin-top: 2px;\">\r\n    <select id=\"valorNecesitado\" style=\"padding: 2px 0 2px 6px; border-radius: 15px;\">\r\n        <option value=\"10\">10%<\/option>\r\n      <option value=\"15\">15%<\/option>\r\n      <option value=\"20\">20%<\/option>\r\n      <option value=\"30\">30%<\/option>\r\n    <\/select>\r\n    \r\n  <\/div>\r\n\r\n<label style=\"font-size:12px;\">\u00bfA cu\u00e1ntos a\u00f1os?*<\/label>\r\n<input type=\"number\" id=\"annios\" min=\"1\" max=\"30\" placeholder=\"$0\" style=\"width: 100%; padding: 2px 0 2px 6px; margin-bottom: 10px; border-radius: 15px; margin-top: 2px;\" \/>\r\n\r\n<button onclick=\"calcularCredito()\" style=\"background-color: #E52421; color: white; padding: 4px 10px; border: none; cursor: pointer; border-radius: 5px; display:flex; margin:auto;\">Calcular<\/button>\r\n\r\n\r\n\r\n\t\t\t\t<\/div>\n\t\t\t\t<\/div>\n\t\t\t\t<\/div>\n\t\t<div class=\"elementor-element elementor-element-0a1a116 e-con-full e-flex e-con e-child\" data-id=\"0a1a116\" data-element_type=\"container\" data-e-type=\"container\">\n\t\t\t\t<div class=\"elementor-element elementor-element-0694e38 elementor-widget elementor-widget-html\" data-id=\"0694e38\" data-element_type=\"widget\" data-e-type=\"widget\" data-widget_type=\"html.default\">\n\t\t\t\t\t<div id=\"resultadoCuota\" style=\"background-color: #2b2b2b; color: white; padding: 20px; border-radius: 10px;\">\r\n  <p><strong><span id=\"cuotasText\">--<\/span><\/strong> Pagos de:<\/p>\r\n  <p style=\"font-size: 24px; font-weight: bold;\"><span id=\"valorMensual\" class=\"price\" data-price=\"0\">0<\/span> Mensual<\/p>\r\n<\/div>\r\n\r\n<div id=\"resultadoCredito\" style=\"background-color: #2b2b2b; color: white; padding: 20px; border-radius: 10px;\">\r\n  <p><strong><span id=\"creditoText\">--<\/span><\/strong> Pagos de:<\/p>\r\n  <p style=\"font-size: 24px; font-weight: bold;\"><span id=\"valorMensual1\" class=\"price\" data-price=\"0\">0<\/span> Mensual<\/p>\r\n<\/div>\r\n\r\n\t\t\t\t<\/div>\n\t\t\t\t<\/div>\n\t\t\t\t<\/div>\n\t\t\t\t\t<\/div>\n\t\t\t\t<\/section>\n\t\t\t\t<\/div>\n\t\t","protected":false},"excerpt":{"rendered":"<p>Calculadora de cuota inicial Se debe tener en cuenta que los resultados son aproximados y pueden variar* Calculadora de cuota inicial Calculadora de cr\u00e9dito hipotecario Calcula los pagos de tu cuota inicial Los valores presentados a continuaci\u00f3n son aproximados y est\u00e1n sujetos a modificaciones. Valor del inmueble* Ahorros y\/o cesant\u00edas* cuota inicial* 10%20%30% Meses para [&hellip;]<\/p>\n","protected":false},"author":1,"featured_media":3675,"parent":0,"menu_order":0,"comment_status":"closed","ping_status":"closed","template":"elementor_header_footer","meta":{"_acf_changed":false,"footnotes":""},"class_list":["post-6001","page","type-page","status-publish","has-post-thumbnail","hentry"],"acf":[],"_links":{"self":[{"href":"https:\/\/basaconstrucciones.com\/es\/wp-json\/wp\/v2\/pages\/6001","targetHints":{"allow":["GET"]}}],"collection":[{"href":"https:\/\/basaconstrucciones.com\/es\/wp-json\/wp\/v2\/pages"}],"about":[{"href":"https:\/\/basaconstrucciones.com\/es\/wp-json\/wp\/v2\/types\/page"}],"author":[{"embeddable":true,"href":"https:\/\/basaconstrucciones.com\/es\/wp-json\/wp\/v2\/users\/1"}],"replies":[{"embeddable":true,"href":"https:\/\/basaconstrucciones.com\/es\/wp-json\/wp\/v2\/comments?post=6001"}],"version-history":[{"count":0,"href":"https:\/\/basaconstrucciones.com\/es\/wp-json\/wp\/v2\/pages\/6001\/revisions"}],"wp:featuredmedia":[{"embeddable":true,"href":"https:\/\/basaconstrucciones.com\/es\/wp-json\/wp\/v2\/media\/3675"}],"wp:attachment":[{"href":"https:\/\/basaconstrucciones.com\/es\/wp-json\/wp\/v2\/media?parent=6001"}],"curies":[{"name":"wp","href":"https:\/\/api.w.org\/{rel}","templated":true}]}}